{"id":2809,"date":"2025-11-03T15:55:32","date_gmt":"2025-11-03T07:55:32","guid":{"rendered":"https:\/\/xekolmd7rj.onrocket.site\/?page_id=2809"},"modified":"2025-11-18T16:11:02","modified_gmt":"2025-11-18T08:11:02","slug":"company-show","status":"publish","type":"page","link":"https:\/\/rockandlight.com\/pt\/about-us\/company-show\/","title":{"rendered":"Sal\u00e3o da empresa"},"content":{"rendered":"<div data-elementor-type=\"wp-page\" data-elementor-id=\"2809\" class=\"elementor elementor-2809\">\n\t\t\t\t\t\t<section class=\"elementor-section elementor-top-section elementor-element elementor-element-2635f72 elementor-section-boxed elementor-section-height-default elementor-section-height-default\" data-id=\"2635f72\" data-element_type=\"section\" data-e-type=\"section\">\n\t\t\t\t\t\t<div class=\"elementor-container elementor-column-gap-default\">\n\t\t\t\t\t<div class=\"elementor-column elementor-col-100 elementor-top-column elementor-element elementor-element-781c779\" data-id=\"781c779\" data-element_type=\"column\" data-e-type=\"column\">\n\t\t\t<div class=\"elementor-widget-wrap elementor-element-populated\">\n\t\t\t\t\t\t<div class=\"elementor-element elementor-element-51801a1 elementor-widget elementor-widget-woocommerce-breadcrumb\" data-id=\"51801a1\" data-element_type=\"widget\" data-e-type=\"widget\" data-widget_type=\"woocommerce-breadcrumb.default\">\n\t\t\t\t<div class=\"elementor-widget-container\">\n\t\t\t\t\t<nav class=\"woocommerce-breadcrumb\" aria-label=\"Breadcrumb\" data-no-translation=\"\" data-trp-gettext=\"\">In\u00edcio<\/nav>\t\t\t\t<\/div>\n\t\t\t\t<\/div>\n\t\t\t\t\t<\/div>\n\t\t<\/div>\n\t\t\t\t\t<\/div>\n\t\t<\/section>\n\t\t\t\t<section class=\"elementor-section elementor-top-section elementor-element elementor-element-2e4d257 elementor-section-boxed elementor-section-height-default elementor-section-height-default\" data-id=\"2e4d257\" data-element_type=\"section\" data-e-type=\"section\">\n\t\t\t\t\t\t<div class=\"elementor-container elementor-column-gap-default\">\n\t\t\t\t\t<div class=\"elementor-column elementor-col-100 elementor-top-column elementor-element elementor-element-5941516\" data-id=\"5941516\" data-element_type=\"column\" data-e-type=\"column\">\n\t\t\t<div class=\"elementor-widget-wrap elementor-element-populated\">\n\t\t\t\t\t\t<div class=\"elementor-element elementor-element-cf63b17 pp-buttons-valign-middle pp-buttons-halign-left pp-buttons-stack-none elementor-widget elementor-widget-pp-buttons\" data-id=\"cf63b17\" data-element_type=\"widget\" data-e-type=\"widget\" data-widget_type=\"pp-buttons.default\">\n\t\t\t\t<div class=\"elementor-widget-container\">\n\t\t\t\t\t\t\t<div class=\"pp-buttons-group\">\n\t\t\t\t\t\t\t\t\t\t\t<a href=\"\/pt\/about-us\/\" class=\"pp-button elementor-button elementor-size-sm elementor-repeater-item-2626cf2\">\n\t\t\t\t\t<div class=\"pp-button-content-wrapper\">\n\t\t\t\t\t\t<span class=\"pp-button-content-inner pp-icon-before\">\n\t\t\t\t\t\t\t\n\t\t\t\t\t\t\t\t<span class=\"pp-button-title\">\n\t\t\t\t\t\t\t\t\tPerfil da empresa\t\t\t\t\t\t\t\t<\/span>\n\t\t\t\t\t\t\t\t\t\t\t\t\t<\/span>\n\t\t\t\t\t<\/div>\n\t\t\t\t<\/a>\n\t\t\t\t\t\t\t\t\t\t\t\t\t\t\t\t<a href=\"\/pt\/about-us\/professional-ability\/\" class=\"pp-button elementor-button elementor-size-sm elementor-repeater-item-39a4645\">\n\t\t\t\t\t<div class=\"pp-button-content-wrapper\">\n\t\t\t\t\t\t<span class=\"pp-button-content-inner pp-icon-before\">\n\t\t\t\t\t\t\t\n\t\t\t\t\t\t\t\t<span class=\"pp-button-title\">\n\t\t\t\t\t\t\t\t\tCapacidade profissional\t\t\t\t\t\t\t\t<\/span>\n\t\t\t\t\t\t\t\t\t\t\t\t\t<\/span>\n\t\t\t\t\t<\/div>\n\t\t\t\t<\/a>\n\t\t\t\t\t\t\t\t\t\t\t\t\t\t\t\t<a href=\"\/pt\/about-us\/certificates\/\" class=\"pp-button elementor-button elementor-size-sm elementor-repeater-item-5aeb405\">\n\t\t\t\t\t<div class=\"pp-button-content-wrapper\">\n\t\t\t\t\t\t<span class=\"pp-button-content-inner pp-icon-before\">\n\t\t\t\t\t\t\t\n\t\t\t\t\t\t\t\t<span class=\"pp-button-title\">\n\t\t\t\t\t\t\t\t\tCertificados\t\t\t\t\t\t\t\t<\/span>\n\t\t\t\t\t\t\t\t\t\t\t\t\t<\/span>\n\t\t\t\t\t<\/div>\n\t\t\t\t<\/a>\n\t\t\t\t\t\t\t\t\t\t\t\t\t\t\t\t<a href=\"\/pt\/about-us\/company-show\/\" class=\"pp-button elementor-button elementor-size-sm elementor-repeater-item-4c26b45\">\n\t\t\t\t\t<div class=\"pp-button-content-wrapper\">\n\t\t\t\t\t\t<span class=\"pp-button-content-inner pp-icon-before\">\n\t\t\t\t\t\t\t\n\t\t\t\t\t\t\t\t<span class=\"pp-button-title\">\n\t\t\t\t\t\t\t\t\tSal\u00e3o da empresa\t\t\t\t\t\t\t\t<\/span>\n\t\t\t\t\t\t\t\t\t\t\t\t\t<\/span>\n\t\t\t\t\t<\/div>\n\t\t\t\t<\/a>\n\t\t\t\t\t\t\t\t\t\t<\/div>\t\t\t\t<\/div>\n\t\t\t\t<\/div>\n\t\t\t\t\t<\/div>\n\t\t<\/div>\n\t\t\t\t\t<\/div>\n\t\t<\/section>\n\t\t\t\t<section class=\"elementor-section elementor-top-section elementor-element elementor-element-cd60073 elementor-section-boxed elementor-section-height-default elementor-section-height-default\" data-id=\"cd60073\" data-element_type=\"section\" data-e-type=\"section\">\n\t\t\t\t\t\t<div class=\"elementor-container elementor-column-gap-default\">\n\t\t\t\t\t<div class=\"elementor-column elementor-col-100 elementor-top-column elementor-element elementor-element-eec9314\" data-id=\"eec9314\" data-element_type=\"column\" data-e-type=\"column\">\n\t\t\t<div class=\"elementor-widget-wrap elementor-element-populated\">\n\t\t\t\t\t\t<div class=\"elementor-element elementor-element-bcf2c19 elementor-widget elementor-widget-heading\" data-id=\"bcf2c19\" data-element_type=\"widget\" data-e-type=\"widget\" data-widget_type=\"heading.default\">\n\t\t\t\t<div class=\"elementor-widget-container\">\n\t\t\t\t\t<h2 class=\"elementor-heading-title elementor-size-default elementor-heading-title\">Sal\u00e3o da empresa<\/h2>\t\t\t\t<\/div>\n\t\t\t\t<\/div>\n\t\t\t\t<div class=\"elementor-element elementor-element-055b1b0 elementor-widget elementor-widget-text-editor\" data-id=\"055b1b0\" data-element_type=\"widget\" data-e-type=\"widget\" data-widget_type=\"text-editor.default\">\n\t\t\t\t<div class=\"elementor-widget-container\">\n\t\t\t\t\t\t\t\t\t<p>A nossa base de produ\u00e7\u00e3o cobre 300.000 m2 e emprega mais de 1500 pessoas, integrando inova\u00e7\u00e3o em I&amp;D, incuba\u00e7\u00e3o de tecnologia, fabrico e log\u00edstica inteligentes, cultivo de talentos e neg\u00f3cios globais. Esta integra\u00e7\u00e3o simplifica as nossas opera\u00e7\u00f5es, permitindo-nos desenvolver produtos inovadores e de alta qualidade. Concentramo-nos no cultivo de talentos e no neg\u00f3cio global para continuarmos a crescer e a expandir-nos na ind\u00fastria.<\/p>\t\t\t\t\t\t\t\t<\/div>\n\t\t\t\t<\/div>\n\t\t\t\t<div class=\"elementor-element elementor-element-0c9690b elementor-grid-4 elementor-grid-tablet-3 elementor-grid-mobile-2 pp-ins-normal elementor-widget elementor-widget-pp-image-gallery\" data-id=\"0c9690b\" data-element_type=\"widget\" data-e-type=\"widget\" data-widget_type=\"pp-image-gallery.default\">\n\t\t\t\t<div class=\"elementor-widget-container\">\n\t\t\t\t\t\t\t<div class=\"pp-image-gallery-container\" data-settings=\"{&quot;tilt_enable&quot;:&quot;no&quot;,&quot;layout&quot;:&quot;grid&quot;,&quot;post_id&quot;:2809,&quot;template_id&quot;:2809,&quot;widget_id&quot;:&quot;0c9690b&quot;}\">\n\t\t\t\t\t\t<div class=\"pp-image-gallery-wrapper\">\n\t\t\t\t\t\t\t\t<div class=\"pp-image-gallery pp-elementor-grid\" id=\"pp-image-gallery-0c9690b\">\n\t\t\t\t\t\t\t\t<div class=\"pp-grid-item-wrap\" data-item-id=\"2962\">\n\t\t\t\t<div class=\"pp-grid-item pp-image\">\n\t\t\t\t\t<div class=\"pp-image-gallery-thumbnail-wrap pp-ins-filter-hover\">\n\t\t\t\t\t\t<a data-elementor-open-lightbox=\"default\" data-elementor-lightbox-slideshow=\"0c9690b\" class=\"elementor-clickable pp-image-gallery-item-link\" href=\"https:\/\/rockandlight.com\/wp-content\/uploads\/2025\/11\/16.webp\"><\/a><div class=\"pp-ins-filter-target pp-image-gallery-thumbnail\"><img decoding=\"async\" class=\"pp-gallery-slide-image\" src=\"https:\/\/rockandlight.com\/wp-content\/uploads\/2025\/11\/16.webp\" alt=\"\" data-no-lazy=\"1\" title=\"\"><\/div><div class=\"pp-image-overlay pp-media-overlay\"><\/div><div class=\"pp-gallery-image-content pp-media-content\"><\/div>\t\t\t\t\t\t\t<div class=\"pp-gallery-image-content\">\n\t\t\t\t\t\t\t\t\t\t<div class=\"pp-gallery-image-caption\">\n\t\t\tBase de produ\u00e7\u00e3o\t\t<\/div>\n\t\t\t\t\t\t\t\t\t<\/div>\n\t\t\t\t\t\t\t\t\t\t\t\t<\/div>\n\t\t\t\t<\/div>\n\t\t\t<\/div>\n\t\t\t\t\t\t<div class=\"pp-grid-item-wrap\" data-item-id=\"2963\">\n\t\t\t\t<div class=\"pp-grid-item pp-image\">\n\t\t\t\t\t<div class=\"pp-image-gallery-thumbnail-wrap pp-ins-filter-hover\">\n\t\t\t\t\t\t<a data-elementor-open-lightbox=\"default\" data-elementor-lightbox-slideshow=\"0c9690b\" class=\"elementor-clickable pp-image-gallery-item-link\" href=\"https:\/\/rockandlight.com\/wp-content\/uploads\/2025\/11\/12-e1679966740895.webp\"><\/a><div class=\"pp-ins-filter-target pp-image-gallery-thumbnail\"><img decoding=\"async\" class=\"pp-gallery-slide-image\" src=\"https:\/\/rockandlight.com\/wp-content\/uploads\/2025\/11\/12-e1679966740895.webp\" alt=\"\" data-no-lazy=\"1\" title=\"\"><\/div><div class=\"pp-image-overlay pp-media-overlay\"><\/div><div class=\"pp-gallery-image-content pp-media-content\"><\/div>\t\t\t\t\t\t\t<div class=\"pp-gallery-image-content\">\n\t\t\t\t\t\t\t\t\t\t<div class=\"pp-gallery-image-caption\">\n\t\t\t\u00c1rea de escrit\u00f3rios comerciais\t\t<\/div>\n\t\t\t\t\t\t\t\t\t<\/div>\n\t\t\t\t\t\t\t\t\t\t\t\t<\/div>\n\t\t\t\t<\/div>\n\t\t\t<\/div>\n\t\t\t\t\t\t<div class=\"pp-grid-item-wrap\" data-item-id=\"2964\">\n\t\t\t\t<div class=\"pp-grid-item pp-image\">\n\t\t\t\t\t<div class=\"pp-image-gallery-thumbnail-wrap pp-ins-filter-hover\">\n\t\t\t\t\t\t<a data-elementor-open-lightbox=\"default\" data-elementor-lightbox-slideshow=\"0c9690b\" class=\"elementor-clickable pp-image-gallery-item-link\" href=\"https:\/\/rockandlight.com\/wp-content\/uploads\/2025\/11\/15.webp\"><\/a><div class=\"pp-ins-filter-target pp-image-gallery-thumbnail\"><img decoding=\"async\" class=\"pp-gallery-slide-image\" src=\"https:\/\/rockandlight.com\/wp-content\/uploads\/2025\/11\/15.webp\" alt=\"\" data-no-lazy=\"1\" title=\"\"><\/div><div class=\"pp-image-overlay pp-media-overlay\"><\/div><div class=\"pp-gallery-image-content pp-media-content\"><\/div>\t\t\t\t\t\t\t<div class=\"pp-gallery-image-content\">\n\t\t\t\t\t\t\t\t\t\t<div class=\"pp-gallery-image-caption\">\n\t\t\tLaborat\u00f3rio de certifica\u00e7\u00e3o profissional\t\t<\/div>\n\t\t\t\t\t\t\t\t\t<\/div>\n\t\t\t\t\t\t\t\t\t\t\t\t<\/div>\n\t\t\t\t<\/div>\n\t\t\t<\/div>\n\t\t\t\t\t\t<div class=\"pp-grid-item-wrap\" data-item-id=\"2965\">\n\t\t\t\t<div class=\"pp-grid-item pp-image\">\n\t\t\t\t\t<div class=\"pp-image-gallery-thumbnail-wrap pp-ins-filter-hover\">\n\t\t\t\t\t\t<a data-elementor-open-lightbox=\"default\" data-elementor-lightbox-slideshow=\"0c9690b\" class=\"elementor-clickable pp-image-gallery-item-link\" href=\"https:\/\/rockandlight.com\/wp-content\/uploads\/2025\/11\/13.webp\"><\/a><div class=\"pp-ins-filter-target pp-image-gallery-thumbnail\"><img decoding=\"async\" class=\"pp-gallery-slide-image\" src=\"https:\/\/rockandlight.com\/wp-content\/uploads\/2025\/11\/13.webp\" alt=\"\" data-no-lazy=\"1\" title=\"\"><\/div><div class=\"pp-image-overlay pp-media-overlay\"><\/div><div class=\"pp-gallery-image-content pp-media-content\"><\/div>\t\t\t\t\t\t\t<div class=\"pp-gallery-image-content\">\n\t\t\t\t\t\t\t\t\t\t<div class=\"pp-gallery-image-caption\">\n\t\t\tLinha de produ\u00e7\u00e3o inteligente\t\t<\/div>\n\t\t\t\t\t\t\t\t\t<\/div>\n\t\t\t\t\t\t\t\t\t\t\t\t<\/div>\n\t\t\t\t<\/div>\n\t\t\t<\/div>\n\t\t\t\t\t\t<div class=\"pp-grid-item-wrap\" data-item-id=\"3285\">\n\t\t\t\t<div class=\"pp-grid-item pp-image\">\n\t\t\t\t\t<div class=\"pp-image-gallery-thumbnail-wrap pp-ins-filter-hover\">\n\t\t\t\t\t\t<a data-elementor-open-lightbox=\"default\" data-elementor-lightbox-slideshow=\"0c9690b\" class=\"elementor-clickable pp-image-gallery-item-link\" href=\"https:\/\/rockandlight.com\/wp-content\/uploads\/2025\/11\/14-1.webp\"><\/a><div class=\"pp-ins-filter-target pp-image-gallery-thumbnail\"><img decoding=\"async\" class=\"pp-gallery-slide-image\" src=\"https:\/\/rockandlight.com\/wp-content\/uploads\/2025\/11\/14-1.webp\" alt=\"\" data-no-lazy=\"1\" title=\"\"><\/div><div class=\"pp-image-overlay pp-media-overlay\"><\/div><div class=\"pp-gallery-image-content pp-media-content\"><\/div>\t\t\t\t\t\t\t<div class=\"pp-gallery-image-content\">\n\t\t\t\t\t\t\t\t\t\t<div class=\"pp-gallery-image-caption\">\n\t\t\tArmaz\u00e9m mecanizado inteligente\t\t<\/div>\n\t\t\t\t\t\t\t\t\t<\/div>\n\t\t\t\t\t\t\t\t\t\t\t\t<\/div>\n\t\t\t\t<\/div>\n\t\t\t<\/div>\n\t\t\t\t\t\t<div class=\"pp-grid-item-wrap\" data-item-id=\"3286\">\n\t\t\t\t<div class=\"pp-grid-item pp-image\">\n\t\t\t\t\t<div class=\"pp-image-gallery-thumbnail-wrap pp-ins-filter-hover\">\n\t\t\t\t\t\t<a data-elementor-open-lightbox=\"default\" data-elementor-lightbox-slideshow=\"0c9690b\" class=\"elementor-clickable pp-image-gallery-item-link\" href=\"https:\/\/rockandlight.com\/wp-content\/uploads\/2025\/11\/2-3-scaled-1.webp\"><\/a><div class=\"pp-ins-filter-target pp-image-gallery-thumbnail\"><img decoding=\"async\" class=\"pp-gallery-slide-image\" src=\"https:\/\/rockandlight.com\/wp-content\/uploads\/2025\/11\/2-3-scaled-1.webp\" alt=\"\" data-no-lazy=\"1\" title=\"\"><\/div><div class=\"pp-image-overlay pp-media-overlay\"><\/div><div class=\"pp-gallery-image-content pp-media-content\"><\/div>\t\t\t\t\t\t\t<div class=\"pp-gallery-image-content\">\n\t\t\t\t\t\t\t\t\t\t<div class=\"pp-gallery-image-caption\">\n\t\t\tLinha de produ\u00e7\u00e3o de pr\u00e9-montagem\t\t<\/div>\n\t\t\t\t\t\t\t\t\t<\/div>\n\t\t\t\t\t\t\t\t\t\t\t\t<\/div>\n\t\t\t\t<\/div>\n\t\t\t<\/div>\n\t\t\t\t\t\t<div class=\"pp-grid-item-wrap\" data-item-id=\"3287\">\n\t\t\t\t<div class=\"pp-grid-item pp-image\">\n\t\t\t\t\t<div class=\"pp-image-gallery-thumbnail-wrap pp-ins-filter-hover\">\n\t\t\t\t\t\t<a data-elementor-open-lightbox=\"default\" data-elementor-lightbox-slideshow=\"0c9690b\" class=\"elementor-clickable pp-image-gallery-item-link\" href=\"https:\/\/rockandlight.com\/wp-content\/uploads\/2025\/11\/4-2-scaled-1.webp\"><\/a><div class=\"pp-ins-filter-target pp-image-gallery-thumbnail\"><img decoding=\"async\" class=\"pp-gallery-slide-image\" src=\"https:\/\/rockandlight.com\/wp-content\/uploads\/2025\/11\/4-2-scaled-1.webp\" alt=\"\" data-no-lazy=\"1\" title=\"\"><\/div><div class=\"pp-image-overlay pp-media-overlay\"><\/div><div class=\"pp-gallery-image-content pp-media-content\"><\/div>\t\t\t\t\t\t\t<div class=\"pp-gallery-image-content\">\n\t\t\t\t\t\t\t\t\t\t<div class=\"pp-gallery-image-caption\">\n\t\t\tarmaz\u00e9m estereosc\u00f3pico\t\t<\/div>\n\t\t\t\t\t\t\t\t\t<\/div>\n\t\t\t\t\t\t\t\t\t\t\t\t<\/div>\n\t\t\t\t<\/div>\n\t\t\t<\/div>\n\t\t\t\t\t\t<div class=\"pp-grid-item-wrap\" data-item-id=\"3288\">\n\t\t\t\t<div class=\"pp-grid-item pp-image\">\n\t\t\t\t\t<div class=\"pp-image-gallery-thumbnail-wrap pp-ins-filter-hover\">\n\t\t\t\t\t\t<a data-elementor-open-lightbox=\"default\" data-elementor-lightbox-slideshow=\"0c9690b\" class=\"elementor-clickable pp-image-gallery-item-link\" href=\"https:\/\/rockandlight.com\/wp-content\/uploads\/2025\/11\/6-2-scaled-1.webp\"><\/a><div class=\"pp-ins-filter-target pp-image-gallery-thumbnail\"><img decoding=\"async\" class=\"pp-gallery-slide-image\" src=\"https:\/\/rockandlight.com\/wp-content\/uploads\/2025\/11\/6-2-scaled-1.webp\" alt=\"\" data-no-lazy=\"1\" title=\"\"><\/div><div class=\"pp-image-overlay pp-media-overlay\"><\/div><div class=\"pp-gallery-image-content pp-media-content\"><\/div>\t\t\t\t\t\t\t<div class=\"pp-gallery-image-content\">\n\t\t\t\t\t\t\t\t\t\t<div class=\"pp-gallery-image-caption\">\n\t\t\tEnsaio de vibra\u00e7\u00e3o\t\t<\/div>\n\t\t\t\t\t\t\t\t\t<\/div>\n\t\t\t\t\t\t\t\t\t\t\t\t<\/div>\n\t\t\t\t<\/div>\n\t\t\t<\/div>\n\t\t\t\t\t\t<div class=\"pp-grid-item-wrap\" data-item-id=\"3289\">\n\t\t\t\t<div class=\"pp-grid-item pp-image\">\n\t\t\t\t\t<div class=\"pp-image-gallery-thumbnail-wrap pp-ins-filter-hover\">\n\t\t\t\t\t\t<a data-elementor-open-lightbox=\"default\" data-elementor-lightbox-slideshow=\"0c9690b\" class=\"elementor-clickable pp-image-gallery-item-link\" href=\"https:\/\/rockandlight.com\/wp-content\/uploads\/2025\/11\/7-1-scaled-1.webp\"><\/a><div class=\"pp-ins-filter-target pp-image-gallery-thumbnail\"><img decoding=\"async\" class=\"pp-gallery-slide-image\" src=\"https:\/\/rockandlight.com\/wp-content\/uploads\/2025\/11\/7-1-scaled-1.webp\" alt=\"\" data-no-lazy=\"1\" title=\"\"><\/div><div class=\"pp-image-overlay pp-media-overlay\"><\/div><div class=\"pp-gallery-image-content pp-media-content\"><\/div>\t\t\t\t\t\t\t<div class=\"pp-gallery-image-content\">\n\t\t\t\t\t\t\t\t\t\t<div class=\"pp-gallery-image-caption\">\n\t\t\tEnsaio de queda\t\t<\/div>\n\t\t\t\t\t\t\t\t\t<\/div>\n\t\t\t\t\t\t\t\t\t\t\t\t<\/div>\n\t\t\t\t<\/div>\n\t\t\t<\/div>\n\t\t\t\t\t\t<div class=\"pp-grid-item-wrap\" data-item-id=\"3290\">\n\t\t\t\t<div class=\"pp-grid-item pp-image\">\n\t\t\t\t\t<div class=\"pp-image-gallery-thumbnail-wrap pp-ins-filter-hover\">\n\t\t\t\t\t\t<a data-elementor-open-lightbox=\"default\" data-elementor-lightbox-slideshow=\"0c9690b\" class=\"elementor-clickable pp-image-gallery-item-link\" href=\"https:\/\/rockandlight.com\/wp-content\/uploads\/2025\/11\/9-2.webp\"><\/a><div class=\"pp-ins-filter-target pp-image-gallery-thumbnail\"><img decoding=\"async\" class=\"pp-gallery-slide-image\" src=\"https:\/\/rockandlight.com\/wp-content\/uploads\/2025\/11\/9-2.webp\" alt=\"\" data-no-lazy=\"1\" title=\"\"><\/div><div class=\"pp-image-overlay pp-media-overlay\"><\/div><div class=\"pp-gallery-image-content pp-media-content\"><\/div>\t\t\t\t\t\t\t<div class=\"pp-gallery-image-content\">\n\t\t\t\t\t\t\t\t\t\t<div class=\"pp-gallery-image-caption\">\n\t\t\tLaborat\u00f3rio de ru\u00eddo\t\t<\/div>\n\t\t\t\t\t\t\t\t\t<\/div>\n\t\t\t\t\t\t\t\t\t\t\t\t<\/div>\n\t\t\t\t<\/div>\n\t\t\t<\/div>\n\t\t\t\t\t\t<div class=\"pp-grid-item-wrap\" data-item-id=\"3291\">\n\t\t\t\t<div class=\"pp-grid-item pp-image\">\n\t\t\t\t\t<div class=\"pp-image-gallery-thumbnail-wrap pp-ins-filter-hover\">\n\t\t\t\t\t\t<a data-elementor-open-lightbox=\"default\" data-elementor-lightbox-slideshow=\"0c9690b\" class=\"elementor-clickable pp-image-gallery-item-link\" href=\"https:\/\/rockandlight.com\/wp-content\/uploads\/2025\/11\/8-scaled-1.webp\"><\/a><div class=\"pp-ins-filter-target pp-image-gallery-thumbnail\"><img decoding=\"async\" class=\"pp-gallery-slide-image\" src=\"https:\/\/rockandlight.com\/wp-content\/uploads\/2025\/11\/8-scaled-1.webp\" alt=\"\" data-no-lazy=\"1\" title=\"\"><\/div><div class=\"pp-image-overlay pp-media-overlay\"><\/div><div class=\"pp-gallery-image-content pp-media-content\"><\/div>\t\t\t\t\t\t\t<div class=\"pp-gallery-image-content\">\n\t\t\t\t\t\t\t\t\t\t<div class=\"pp-gallery-image-caption\">\n\t\t\tEMC\t\t<\/div>\n\t\t\t\t\t\t\t\t\t<\/div>\n\t\t\t\t\t\t\t\t\t\t\t\t<\/div>\n\t\t\t\t<\/div>\n\t\t\t<\/div>\n\t\t\t\t\t\t<div class=\"pp-grid-item-wrap\" data-item-id=\"3292\">\n\t\t\t\t<div class=\"pp-grid-item pp-image\">\n\t\t\t\t\t<div class=\"pp-image-gallery-thumbnail-wrap pp-ins-filter-hover\">\n\t\t\t\t\t\t<a data-elementor-open-lightbox=\"default\" data-elementor-lightbox-slideshow=\"0c9690b\" class=\"elementor-clickable pp-image-gallery-item-link\" href=\"https:\/\/rockandlight.com\/wp-content\/uploads\/2025\/11\/10-2-scaled-1.webp\"><\/a><div class=\"pp-ins-filter-target pp-image-gallery-thumbnail\"><img decoding=\"async\" class=\"pp-gallery-slide-image\" src=\"https:\/\/rockandlight.com\/wp-content\/uploads\/2025\/11\/10-2-scaled-1.webp\" alt=\"\" data-no-lazy=\"1\" title=\"\"><\/div><div class=\"pp-image-overlay pp-media-overlay\"><\/div><div class=\"pp-gallery-image-content pp-media-content\"><\/div>\t\t\t\t\t\t\t<div class=\"pp-gallery-image-content\">\n\t\t\t\t\t\t\t\t\t\t<div class=\"pp-gallery-image-caption\">\n\t\t\tM\u00e1quina de dobragem de chapa\t\t<\/div>\n\t\t\t\t\t\t\t\t\t<\/div>\n\t\t\t\t\t\t\t\t\t\t\t\t<\/div>\n\t\t\t\t<\/div>\n\t\t\t<\/div>\n\t\t\t\t\t\t\t<\/div>\n\t\t\t\t\t\t\t<\/div>\n\t\t\t\t\t\t<\/div>\n\t\t\t\t\t\t<\/div>\n\t\t\t\t<\/div>\n\t\t\t\t\t<\/div>\n\t\t<\/div>\n\t\t\t\t\t<\/div>\n\t\t<\/section>\n\t\t\t\t<\/div>","protected":false},"excerpt":{"rendered":"<p>Company Profile Professional Ability Certificates Company Show Company Show Our production base covers 300,000 sqm and employs over 1500 people, integrating R&amp;D innovation, technology incubation, intelligent manufacturing and logistics, talent cultivation, and global business. This integration streamlines our operations, allowing us to develop innovative and high-quality products. We focus on talent cultivation and global business [&hellip;]<\/p>\n","protected":false},"author":1,"featured_media":0,"parent":346,"menu_order":0,"comment_status":"closed","ping_status":"closed","template":"","meta":{"_joinchat":[],"footnotes":""},"class_list":["post-2809","page","type-page","status-publish","hentry"],"_links":{"self":[{"href":"https:\/\/rockandlight.com\/pt\/wp-json\/wp\/v2\/pages\/2809","targetHints":{"allow":["GET"]}}],"collection":[{"href":"https:\/\/rockandlight.com\/pt\/wp-json\/wp\/v2\/pages"}],"about":[{"href":"https:\/\/rockandlight.com\/pt\/wp-json\/wp\/v2\/types\/page"}],"author":[{"embeddable":true,"href":"https:\/\/rockandlight.com\/pt\/wp-json\/wp\/v2\/users\/1"}],"replies":[{"embeddable":true,"href":"https:\/\/rockandlight.com\/pt\/wp-json\/wp\/v2\/comments?post=2809"}],"version-history":[{"count":0,"href":"https:\/\/rockandlight.com\/pt\/wp-json\/wp\/v2\/pages\/2809\/revisions"}],"up":[{"embeddable":true,"href":"https:\/\/rockandlight.com\/pt\/wp-json\/wp\/v2\/pages\/346"}],"wp:attachment":[{"href":"https:\/\/rockandlight.com\/pt\/wp-json\/wp\/v2\/media?parent=2809"}],"curies":[{"name":"wp","href":"https:\/\/api.w.org\/{rel}","templated":true}]}}