{"id":3117,"date":"2025-11-12T16:25:00","date_gmt":"2025-11-12T08:25:00","guid":{"rendered":"https:\/\/xekolmd7rj.onrocket.site\/?post_type=product&#038;p=3117"},"modified":"2026-03-16T14:52:09","modified_gmt":"2026-03-16T06:52:09","slug":"yq3983","status":"publish","type":"product","link":"https:\/\/rockandlight.com\/pt\/produto\/yq3983\/","title":{"rendered":"YQ3983"},"content":{"rendered":"","protected":false},"excerpt":{"rendered":"<p>Lustre<br \/>\nYQ3983<br \/>\nD400mm<br \/>\nD500mm<br \/>\nD600mm<br \/>\nLED<br \/>\nMaterial<br \/>\nAlta densidade<br \/>\npoliestireno<br \/>\nGrava\u00e7\u00e3o \u00e0 m\u00e3o<\/p>","protected":false},"featured_media":3118,"template":"","meta":{"_joinchat":[]},"product_brand":[],"product_cat":[15],"product_tag":[],"class_list":{"0":"post-3117","1":"product","2":"type-product","3":"status-publish","4":"has-post-thumbnail","6":"product_cat-pendant-lights","8":"first","9":"instock","10":"shipping-taxable","11":"product-type-simple"},"_links":{"self":[{"href":"https:\/\/rockandlight.com\/pt\/wp-json\/wp\/v2\/product\/3117","targetHints":{"allow":["GET"]}}],"collection":[{"href":"https:\/\/rockandlight.com\/pt\/wp-json\/wp\/v2\/product"}],"about":[{"href":"https:\/\/rockandlight.com\/pt\/wp-json\/wp\/v2\/types\/product"}],"wp:featuredmedia":[{"embeddable":true,"href":"https:\/\/rockandlight.com\/pt\/wp-json\/wp\/v2\/media\/3118"}],"wp:attachment":[{"href":"https:\/\/rockandlight.com\/pt\/wp-json\/wp\/v2\/media?parent=3117"}],"wp:term":[{"taxonomy":"product_brand","embeddable":true,"href":"https:\/\/rockandlight.com\/pt\/wp-json\/wp\/v2\/product_brand?post=3117"},{"taxonomy":"product_cat","embeddable":true,"href":"https:\/\/rockandlight.com\/pt\/wp-json\/wp\/v2\/product_cat?post=3117"},{"taxonomy":"product_tag","embeddable":true,"href":"https:\/\/rockandlight.com\/pt\/wp-json\/wp\/v2\/product_tag?post=3117"}],"curies":[{"name":"wp","href":"https:\/\/api.w.org\/{rel}","templated":true}]}}